{"id":17999,"date":"2020-03-03T11:12:36","date_gmt":"2020-03-03T11:12:36","guid":{"rendered":"https:\/\/www.vylyan.hu\/vineyards\/csapatunk\/"},"modified":"2021-04-29T14:30:21","modified_gmt":"2021-04-29T13:30:21","slug":"our-team","status":"publish","type":"page","link":"https:\/\/www.vylyan.hu\/en\/estate\/our-team\/","title":{"rendered":"Our team"},"content":{"rendered":"\n<p><strong>We believe that the quality of wine is mainly determined by the grape.<\/strong>&nbsp;Fine wine can be made only with excellent grapes since we start with the fundaments even when building a house.<\/p>\n\n\n\n<p><strong>We believe in nature, each other and ourselves.<\/strong>&nbsp;All of our knowledge and belief is embodied here. From the beginning, our goal is to make the best possible wine. The best of our knowledge represents the guarantee behind the wines bearing the Vylyan label as we are well aware that trust is of great value.<\/p>\n\n\n\n<p><strong>We believe that all the love and care we put into wine will be experienced by the wine consumer, as well.<\/strong>&nbsp;We are confident that those who drink our wines (in moderation) will somehow become a better person.<\/p>\n\n\n\n<p><strong>We believe in the interrelationship between wine and art.<\/strong>&nbsp;All values that are natural, stylish and authentic have entered the life of Vylyan due to our internal needs and yearning for art. This is why we have created our artistic label competition, the Artistic Barrel (M\u0171v\u00e9szi Hord\u00f3) exhibition, the \u00d6rd\u00f6gkatlan (Devil\u2019s Cauldron) festival which will hopefully provide additional experience to many, apart from our wines.<\/p>\n","protected":false},"excerpt":{"rendered":"<p>We believe that the quality of wine is mainly determined by the grape.&nbsp;Fine wine can be made only with excellent grapes since we start with the fundaments even when building a house. We believe in nature, each other and ourselves.&nbsp;All of our knowledge and belief is embodied here. From the beginning, our goal is to [&hellip;]<\/p>\n","protected":false},"author":1,"featured_media":0,"parent":17954,"menu_order":0,"comment_status":"closed","ping_status":"closed","template":"templates\/team.php","meta":{"_acf_changed":false,"footnotes":""},"class_list":["post-17999","page","type-page","status-publish","hentry"],"acf":[],"yoast_head":"<!-- This site is optimized with the Yoast SEO plugin v27.0 - https:\/\/yoast.com\/product\/yoast-seo-wordpress\/ -->\n<title>Our team - Vylyan Pinc\u00e9szet<\/title>\n<meta name=\"robots\" content=\"index, follow, max-snippet:-1, max-image-preview:large, max-video-preview:-1\" \/>\n<link rel=\"canonical\" href=\"https:\/\/www.vylyan.hu\/en\/estate\/our-team\/\" \/>\n<meta property=\"og:locale\" content=\"en_US\" \/>\n<meta property=\"og:type\" content=\"article\" \/>\n<meta property=\"og:title\" content=\"Our team - Vylyan Pinc\u00e9szet\" \/>\n<meta property=\"og:description\" content=\"We believe that the quality of wine is mainly determined by the grape.&nbsp;Fine wine can be made only with excellent grapes since we start with the fundaments even when building a house. We believe in nature, each other and ourselves.&nbsp;All of our knowledge and belief is embodied here. From the beginning, our goal is to [&hellip;]\" \/>\n<meta property=\"og:url\" content=\"https:\/\/www.vylyan.hu\/en\/estate\/our-team\/\" \/>\n<meta property=\"og:site_name\" content=\"Vylyan Pinc\u00e9szet\" \/>\n<meta property=\"article:modified_time\" content=\"2021-04-29T13:30:21+00:00\" \/>\n<meta name=\"twitter:card\" content=\"summary_large_image\" \/>\n<meta name=\"twitter:label1\" content=\"Est. reading time\" \/>\n\t<meta name=\"twitter:data1\" content=\"1 minute\" \/>\n<script type=\"application\/ld+json\" class=\"yoast-schema-graph\">{\"@context\":\"https:\/\/schema.org\",\"@graph\":[{\"@type\":\"WebPage\",\"@id\":\"https:\/\/www.vylyan.hu\/en\/estate\/our-team\/\",\"url\":\"https:\/\/www.vylyan.hu\/en\/estate\/our-team\/\",\"name\":\"Our team - Vylyan Pinc\u00e9szet\",\"isPartOf\":{\"@id\":\"https:\/\/www.vylyan.hu\/en\/#website\"},\"datePublished\":\"2020-03-03T11:12:36+00:00\",\"dateModified\":\"2021-04-29T13:30:21+00:00\",\"breadcrumb\":{\"@id\":\"https:\/\/www.vylyan.hu\/en\/estate\/our-team\/#breadcrumb\"},\"inLanguage\":\"en-US\",\"potentialAction\":[{\"@type\":\"ReadAction\",\"target\":[\"https:\/\/www.vylyan.hu\/en\/estate\/our-team\/\"]}]},{\"@type\":\"BreadcrumbList\",\"@id\":\"https:\/\/www.vylyan.hu\/en\/estate\/our-team\/#breadcrumb\",\"itemListElement\":[{\"@type\":\"ListItem\",\"position\":1,\"name\":\"Home\",\"item\":\"https:\/\/www.vylyan.hu\/en\/\"},{\"@type\":\"ListItem\",\"position\":2,\"name\":\"Estate\",\"item\":\"https:\/\/www.vylyan.hu\/en\/birtok\/\"},{\"@type\":\"ListItem\",\"position\":3,\"name\":\"Our team\"}]},{\"@type\":\"WebSite\",\"@id\":\"https:\/\/www.vylyan.hu\/en\/#website\",\"url\":\"https:\/\/www.vylyan.hu\/en\/\",\"name\":\"Vylyan Pinc\u00e9szet\",\"description\":\"\",\"potentialAction\":[{\"@type\":\"SearchAction\",\"target\":{\"@type\":\"EntryPoint\",\"urlTemplate\":\"https:\/\/www.vylyan.hu\/en\/?s={search_term_string}\"},\"query-input\":{\"@type\":\"PropertyValueSpecification\",\"valueRequired\":true,\"valueName\":\"search_term_string\"}}],\"inLanguage\":\"en-US\"}]}<\/script>\n<!-- \/ Yoast SEO plugin. -->","yoast_head_json":{"title":"Our team - Vylyan Pinc\u00e9szet","robots":{"index":"index","follow":"follow","max-snippet":"max-snippet:-1","max-image-preview":"max-image-preview:large","max-video-preview":"max-video-preview:-1"},"canonical":"https:\/\/www.vylyan.hu\/en\/estate\/our-team\/","og_locale":"en_US","og_type":"article","og_title":"Our team - Vylyan Pinc\u00e9szet","og_description":"We believe that the quality of wine is mainly determined by the grape.&nbsp;Fine wine can be made only with excellent grapes since we start with the fundaments even when building a house. We believe in nature, each other and ourselves.&nbsp;All of our knowledge and belief is embodied here. From the beginning, our goal is to [&hellip;]","og_url":"https:\/\/www.vylyan.hu\/en\/estate\/our-team\/","og_site_name":"Vylyan Pinc\u00e9szet","article_modified_time":"2021-04-29T13:30:21+00:00","twitter_card":"summary_large_image","twitter_misc":{"Est. reading time":"1 minute"},"schema":{"@context":"https:\/\/schema.org","@graph":[{"@type":"WebPage","@id":"https:\/\/www.vylyan.hu\/en\/estate\/our-team\/","url":"https:\/\/www.vylyan.hu\/en\/estate\/our-team\/","name":"Our team - Vylyan Pinc\u00e9szet","isPartOf":{"@id":"https:\/\/www.vylyan.hu\/en\/#website"},"datePublished":"2020-03-03T11:12:36+00:00","dateModified":"2021-04-29T13:30:21+00:00","breadcrumb":{"@id":"https:\/\/www.vylyan.hu\/en\/estate\/our-team\/#breadcrumb"},"inLanguage":"en-US","potentialAction":[{"@type":"ReadAction","target":["https:\/\/www.vylyan.hu\/en\/estate\/our-team\/"]}]},{"@type":"BreadcrumbList","@id":"https:\/\/www.vylyan.hu\/en\/estate\/our-team\/#breadcrumb","itemListElement":[{"@type":"ListItem","position":1,"name":"Home","item":"https:\/\/www.vylyan.hu\/en\/"},{"@type":"ListItem","position":2,"name":"Estate","item":"https:\/\/www.vylyan.hu\/en\/birtok\/"},{"@type":"ListItem","position":3,"name":"Our team"}]},{"@type":"WebSite","@id":"https:\/\/www.vylyan.hu\/en\/#website","url":"https:\/\/www.vylyan.hu\/en\/","name":"Vylyan Pinc\u00e9szet","description":"","potentialAction":[{"@type":"SearchAction","target":{"@type":"EntryPoint","urlTemplate":"https:\/\/www.vylyan.hu\/en\/?s={search_term_string}"},"query-input":{"@type":"PropertyValueSpecification","valueRequired":true,"valueName":"search_term_string"}}],"inLanguage":"en-US"}]}},"_links":{"self":[{"href":"https:\/\/www.vylyan.hu\/en\/wp-json\/wp\/v2\/pages\/17999","targetHints":{"allow":["GET"]}}],"collection":[{"href":"https:\/\/www.vylyan.hu\/en\/wp-json\/wp\/v2\/pages"}],"about":[{"href":"https:\/\/www.vylyan.hu\/en\/wp-json\/wp\/v2\/types\/page"}],"author":[{"embeddable":true,"href":"https:\/\/www.vylyan.hu\/en\/wp-json\/wp\/v2\/users\/1"}],"replies":[{"embeddable":true,"href":"https:\/\/www.vylyan.hu\/en\/wp-json\/wp\/v2\/comments?post=17999"}],"version-history":[{"count":11,"href":"https:\/\/www.vylyan.hu\/en\/wp-json\/wp\/v2\/pages\/17999\/revisions"}],"predecessor-version":[{"id":20991,"href":"https:\/\/www.vylyan.hu\/en\/wp-json\/wp\/v2\/pages\/17999\/revisions\/20991"}],"up":[{"embeddable":true,"href":"https:\/\/www.vylyan.hu\/en\/wp-json\/wp\/v2\/pages\/17954"}],"wp:attachment":[{"href":"https:\/\/www.vylyan.hu\/en\/wp-json\/wp\/v2\/media?parent=17999"}],"curies":[{"name":"wp","href":"https:\/\/api.w.org\/{rel}","templated":true}]}}